{"id":987505507,"date":"2023-09-21T10:23:07","date_gmt":"2023-09-21T15:23:07","guid":{"rendered":"http:\/\/www.aguapen.gob.ec\/aguapenep\/?page_id=987505507"},"modified":"2023-09-21T10:23:07","modified_gmt":"2023-09-21T15:23:07","slug":"ultimas-noticias","status":"publish","type":"page","link":"http:\/\/www.aguapen.gob.ec\/?page_id=987505507","title":{"rendered":"\u00daltimas Noticias"},"content":{"rendered":"<p>[et_pb_section fb_built=\u00bb1&#8243; admin_label=\u00bbHero\u00bb _builder_version=\u00bb4.16&#8243; custom_padding=\u00bb90px||30px|\u00bb global_colors_info=\u00bb{}\u00bb theme_builder_area=\u00bbpost_content\u00bb][et_pb_row _builder_version=\u00bb4.16&#8243; background_size=\u00bbinitial\u00bb background_position=\u00bbtop_left\u00bb background_repeat=\u00bbrepeat\u00bb custom_margin=\u00bb||40px|\u00bb global_colors_info=\u00bb{}\u00bb theme_builder_area=\u00bbpost_content\u00bb][et_pb_column type=\u00bb4_4&#8243; _builder_version=\u00bb4.16&#8243; custom_padding=\u00bb|||\u00bb global_colors_info=\u00bb{}\u00bb custom_padding__hover=\u00bb|||\u00bb theme_builder_area=\u00bbpost_content\u00bb][dnxte_text_color_motion _builder_version=\u00bb4.22.1&#8243; _module_preset=\u00bbdefault\u00bb theme_builder_area=\u00bbpost_content\u00bb text_color_motion=\u00bb\u00daltimas Noticias\u00bb dnxt_color_motion_fonts_font=\u00bbPoppins|700|||||||\u00bb dnxt_color_motion_fonts_text_align=\u00bbcenter\u00bb hover_enabled=\u00bb0&#8243; sticky_enabled=\u00bb0&#8243;][\/dnxte_text_color_motion][et_pb_divider color=\u00bb#4866ff\u00bb divider_weight=\u00bb3px\u00bb _builder_version=\u00bb4.16&#8243; max_width=\u00bb100px\u00bb module_alignment=\u00bbcenter\u00bb animation_style=\u00bbfade\u00bb animation_direction=\u00bbleft\u00bb global_colors_info=\u00bb{}\u00bb theme_builder_area=\u00bbpost_content\u00bb][\/et_pb_divider][et_pb_text _builder_version=\u00bb4.22.1&#8243; text_font=\u00bbMontserrat|300|||||||\u00bb text_font_size=\u00bb20px\u00bb text_line_height=\u00bb1.8em\u00bb text_orientation=\u00bbcenter\u00bb max_width=\u00bb800%\u00bb module_alignment=\u00bbcenter\u00bb animation_style=\u00bbzoom\u00bb animation_direction=\u00bbleft\u00bb animation_delay=\u00bb100ms\u00bb animation_intensity_zoom=\u00bb10%\u00bb hover_enabled=\u00bb0&#8243; global_colors_info=\u00bb{}\u00bb theme_builder_area=\u00bbpost_content\u00bb sticky_enabled=\u00bb0&#8243;]<\/p>\n<p><span>En este espacio, compartimos informaci\u00f3n relevante y experta sobre nuestra empresa y la industria en la que operamos. <br \/><\/span><span>Descubre m\u00e1s sobre nuestros servicios, logros y perspectivas en cada publicaci\u00f3n.<\/span><\/p>\n<p>[\/et_pb_text][\/et_pb_column][\/et_pb_row][\/et_pb_section][et_pb_section fb_built=\u00bb1&#8243; admin_label=\u00bbBlog\u00bb _builder_version=\u00bb4.16&#8243; custom_margin=\u00bb|||\u00bb custom_padding=\u00bb||0px|\u00bb global_colors_info=\u00bb{}\u00bb theme_builder_area=\u00bbpost_content\u00bb][et_pb_row _builder_version=\u00bb4.16&#8243; global_colors_info=\u00bb{}\u00bb theme_builder_area=\u00bbpost_content\u00bb][et_pb_column type=\u00bb4_4&#8243; _builder_version=\u00bb4.16&#8243; custom_padding=\u00bb|||\u00bb global_colors_info=\u00bb{}\u00bb custom_padding__hover=\u00bb|||\u00bb theme_builder_area=\u00bbpost_content\u00bb][et_pb_blog fullwidth=\u00bboff\u00bb posts_number=\u00bb3&#8243; include_categories=\u00bb27&#8243; show_more=\u00bbon\u00bb show_author=\u00bboff\u00bb show_categories=\u00bboff\u00bb _builder_version=\u00bb4.22.1&#8243; header_font=\u00bbMontserrat||||||||\u00bb header_font_size=\u00bb16px\u00bb header_line_height=\u00bb1.4em\u00bb body_font=\u00bbMontserrat|300|||||||\u00bb body_line_height=\u00bb2em\u00bb meta_font=\u00bbMontserrat||||||||\u00bb pagination_font=\u00bbMontserrat||||||||\u00bb pagination_font_size=\u00bb17px\u00bb hover_enabled=\u00bb0&#8243; border_width_all=\u00bb0px\u00bb box_shadow_style=\u00bbpreset3&#8243; box_shadow_vertical=\u00bb45px\u00bb box_shadow_blur=\u00bb62px\u00bb box_shadow_color=\u00bbrgba(18,47,100,0.06)\u00bb global_colors_info=\u00bb{}\u00bb theme_builder_area=\u00bbpost_content\u00bb use_manual_excerpt=\u00bboff\u00bb sticky_enabled=\u00bb0&#8243;][\/et_pb_blog][\/et_pb_column][\/et_pb_row][\/et_pb_section][et_pb_section fb_built=\u00bb1&#8243; admin_label=\u00bbSubscribe\u00bb _builder_version=\u00bb4.16&#8243; custom_padding=\u00bb54px|0px|90px|0px\u00bb global_colors_info=\u00bb{}\u00bb theme_builder_area=\u00bbpost_content\u00bb][et_pb_row _builder_version=\u00bb4.16&#8243; custom_width_px=\u00bb1440px\u00bb global_colors_info=\u00bb{}\u00bb column_structure=\u00bb1_4,1_2,1_4&#8243; theme_builder_area=\u00bbpost_content\u00bb][et_pb_column type=\u00bb1_4&#8243; _builder_version=\u00bb4.16&#8243; custom_padding=\u00bb|||\u00bb global_colors_info=\u00bb{}\u00bb custom_padding__hover=\u00bb|||\u00bb theme_builder_area=\u00bbpost_content\u00bb][\/et_pb_column][et_pb_column type=\u00bb1_2&#8243; _builder_version=\u00bb4.16&#8243; custom_padding=\u00bb|||\u00bb global_colors_info=\u00bb{}\u00bb custom_padding__hover=\u00bb|||\u00bb theme_builder_area=\u00bbpost_content\u00bb][et_pb_text admin_label=\u00bbSubtitle\u00bb _builder_version=\u00bb4.22.1&#8243; text_font=\u00bbMontserrat|500||on|||||\u00bb text_text_color=\u00bbrgba(0,0,0,0.25)\u00bb text_orientation=\u00bbcenter\u00bb animation_style=\u00bbfade\u00bb hover_enabled=\u00bb0&#8243; global_colors_info=\u00bb{}\u00bb theme_builder_area=\u00bbpost_content\u00bb sticky_enabled=\u00bb0&#8243;]<\/p>\n<p>Suscribete a nuestras boletines informativos<\/p>\n<p>[\/et_pb_text][et_pb_text admin_label=\u00bbTitle\u00bb _builder_version=\u00bb4.22.1&#8243; text_font=\u00bb||||||||\u00bb header_font=\u00bb||||||||\u00bb header_2_font=\u00bbMontserrat|500|||||||\u00bb header_2_text_align=\u00bbcenter\u00bb header_2_font_size=\u00bb30px\u00bb header_2_line_height=\u00bb1.4em\u00bb animation_style=\u00bbfade\u00bb hover_enabled=\u00bb0&#8243; global_colors_info=\u00bb{}\u00bb theme_builder_area=\u00bbpost_content\u00bb sticky_enabled=\u00bb0&#8243;]<\/p>\n<h2>Mant\u00e9ngase actualizado con las \u00faltimas actualizaciones e informaci\u00f3n de eventos<\/h2>\n<p>[\/et_pb_text][et_pb_signup name_field=\u00bbon\u00bb _builder_version=\u00bb4.22.1&#8243; form_field_background_color=\u00bbrgba(0,0,0,0.05)\u00bb header_font=\u00bbMontserrat||||||||\u00bb header_text_align=\u00bbcenter\u00bb header_font_size=\u00bb35px\u00bb header_line_height=\u00bb1.4em\u00bb use_background_color=\u00bboff\u00bb custom_button=\u00bbon\u00bb button_text_color=\u00bb#ffffff\u00bb button_bg_use_color_gradient=\u00bbon\u00bb button_bg_color_gradient_direction=\u00bb90deg\u00bb button_bg_color_gradient_stops=\u00bb#4968ff 0%|#6fe5f3 100%\u00bb button_bg_color_gradient_start=\u00bb#4968ff\u00bb button_bg_color_gradient_end=\u00bb#6fe5f3&#8243; button_border_width=\u00bb0px\u00bb button_border_radius=\u00bb0px\u00bb button_font=\u00bbMontserrat|500||on|||||\u00bb button_icon=\u00bb&#x24;||divi||400&#8243; button_on_hover=\u00bboff\u00bb background_layout=\u00bblight\u00bb hover_enabled=\u00bb0&#8243; border_radii_fields=\u00bbon||||\u00bb global_colors_info=\u00bb{}\u00bb button_text_size__hover_enabled=\u00bboff\u00bb button_one_text_size__hover_enabled=\u00bboff\u00bb button_two_text_size__hover_enabled=\u00bboff\u00bb button_text_color__hover_enabled=\u00bboff\u00bb button_one_text_color__hover_enabled=\u00bboff\u00bb button_two_text_color__hover_enabled=\u00bboff\u00bb button_border_width__hover_enabled=\u00bboff\u00bb button_one_border_width__hover_enabled=\u00bboff\u00bb button_two_border_width__hover_enabled=\u00bboff\u00bb button_border_color__hover_enabled=\u00bboff\u00bb button_one_border_color__hover_enabled=\u00bboff\u00bb button_two_border_color__hover_enabled=\u00bboff\u00bb button_border_radius__hover_enabled=\u00bboff\u00bb button_one_border_radius__hover_enabled=\u00bboff\u00bb button_two_border_radius__hover_enabled=\u00bboff\u00bb button_letter_spacing__hover_enabled=\u00bboff\u00bb button_one_letter_spacing__hover_enabled=\u00bboff\u00bb button_two_letter_spacing__hover_enabled=\u00bboff\u00bb button_bg_color__hover_enabled=\u00bboff\u00bb button_one_bg_color__hover_enabled=\u00bboff\u00bb button_two_bg_color__hover_enabled=\u00bboff\u00bb theme_builder_area=\u00bbpost_content\u00bb sticky_enabled=\u00bb0&#8243; button_text=\u00bbSuscribete\u00bb provider=\u00bbactivecampaign\u00bb success_message=\u00bbGracias por suscribirte,saludos.\u00bb][\/et_pb_signup][\/et_pb_column][et_pb_column type=\u00bb1_4&#8243; _builder_version=\u00bb4.16&#8243; custom_padding=\u00bb|||\u00bb global_colors_info=\u00bb{}\u00bb custom_padding__hover=\u00bb|||\u00bb theme_builder_area=\u00bbpost_content\u00bb][\/et_pb_column][\/et_pb_row][\/et_pb_section]<\/p>\n","protected":false},"excerpt":{"rendered":"<p><div class=\"et_pb_module dnxte_text_color_motion dnxte_text_color_motion_0\">\n\t\t\t\t\n\t\t\t\t\n\t\t\t\t\n\t\t\t\t\n\t\t\t\t\n\t\t\t\t\n\t\t\t\t<div class=\"et_pb_module_inner\">\n\t\t\t\t\t<div>\r\n\t\t\t\t<h2 class=\"dnxt-grdnt-text-animation dnxt-grdnt-text-animation_font\">\r\n\t\t\t\t\t\u00daltimas Noticias\r\n\t\t\t\t<\/h2>\r\n\t\t\t<\/div>\n\t\t\t\t<\/div>\n\t\t\t<\/div>En este espacio, compartimos informaci\u00f3n relevante y experta sobre nuestra empresa y la industria en la que operamos. Descubre m\u00e1s sobre nuestros servicios, logros y perspectivas en cada publicaci\u00f3n.Suscribete a nuestras boletines informativosMant\u00e9ngase actualizado con las \u00faltimas actualizaciones e informaci\u00f3n de eventos<\/p>\n","protected":false},"author":1,"featured_media":0,"parent":0,"menu_order":0,"comment_status":"closed","ping_status":"closed","template":"","meta":{"_et_pb_use_builder":"on","_et_pb_old_content":"","_et_gb_content_width":"","_uag_custom_page_level_css":"","footnotes":""},"class_list":["post-987505507","page","type-page","status-publish","hentry"],"yoast_head":"<!-- This site is optimized with the Yoast SEO plugin v26.6 - https:\/\/yoast.com\/wordpress\/plugins\/seo\/ -->\n<title>\u00daltimas Noticias - Aguapen<\/title>\n<meta name=\"robots\" content=\"index, follow, max-snippet:-1, max-image-preview:large, max-video-preview:-1\" \/>\n<link rel=\"canonical\" href=\"http:\/\/www.aguapen.gob.ec\/?page_id=987505507\" \/>\n<meta property=\"og:locale\" content=\"es_ES\" \/>\n<meta property=\"og:type\" content=\"article\" \/>\n<meta property=\"og:title\" content=\"\u00daltimas Noticias - Aguapen\" \/>\n<meta property=\"og:url\" content=\"http:\/\/www.aguapen.gob.ec\/?page_id=987505507\" \/>\n<meta property=\"og:site_name\" content=\"Aguapen\" \/>\n<meta property=\"article:publisher\" content=\"https:\/\/www.facebook.com\/AguapenEP.oficial\/\" \/>\n<meta name=\"twitter:card\" content=\"summary_large_image\" \/>\n<meta name=\"twitter:description\" content=\"[dnxte_flip_box front_icon=&quot;&#x6b;||divi||400&quot; front_heading=&quot;Creative Design&quot; front_gradient_show_hide=&quot;on&quot; front_gradient_color_one=&quot;#0c71c3&quot; front_gradient_color_two=&quot;#8300e9&quot; front_gradient_type_linear_direction=&quot;90deg&quot; front_icon_size=&quot;50px&quot; front_icon_alignment=&quot;center&quot; front_icon_margin=&quot;100px||||false|false&quot; front_heading_margin=&quot;20px||20px||true|false&quot; front_content_margin=&quot;|15px||15px|false|true&quot; back_icon=&quot;&#x6b;||divi||400&quot; back_heading=&quot;Creative Design&quot; back_content=&quot;Your content goes here. Edit or remove this text inline or in the module Content settings.&quot; back_bgc_color=&quot;#8300e9&quot; button_text=&quot;Read More&quot; back_icon_alignment=&quot;center&quot; back_icon_margin=&quot;40px||||false|false&quot; back_icon_padding=&quot;||10px||false|false&quot; back_heading_margin=&quot;||||false|false&quot; back_heading_padding=&quot;||15px||false|false&quot; back_content_margin=&quot;||||false|false&quot; back_content_padding=&quot;|20px||20px|false|true&quot; back_btn_padding_outer=&quot;10px||10px||true|false&quot; back_btn_padding_inner=&quot;|30px||30px|false|true&quot; _builder_version=&quot;4.16&quot; _module_preset=&quot;default&quot; front_flip_text_font=&quot;Open Sans|700|||||||&quot; front_flip_text_text_align=&quot;center&quot; front_flip_text_font_size=&quot;28px&quot; back_flip_text_font=&quot;Open Sans|700|||||||&quot; back_flip_text_text_align=&quot;center&quot; back_flip_text_font_size=&quot;24px&quot; btn_flip_text_font=&quot;Assistant|700|||||||&quot; [&hellip;]\" \/>\n<meta name=\"twitter:site\" content=\"@Aguapen_Ep\" \/>\n<meta name=\"twitter:label1\" content=\"Tiempo de lectura\" \/>\n\t<meta name=\"twitter:data1\" content=\"4 minutos\" \/>\n<script type=\"application\/ld+json\" class=\"yoast-schema-graph\">{\"@context\":\"https:\/\/schema.org\",\"@graph\":[{\"@type\":[\"WebPage\",\"CollectionPage\"],\"@id\":\"http:\/\/www.aguapen.gob.ec\/?page_id=987505507\",\"url\":\"http:\/\/www.aguapen.gob.ec\/?page_id=987505507\",\"name\":\"\u00daltimas Noticias - Aguapen\",\"isPartOf\":{\"@id\":\"http:\/\/www.aguapen.gob.ec\/#website\"},\"datePublished\":\"2023-09-21T15:23:07+00:00\",\"breadcrumb\":{\"@id\":\"http:\/\/www.aguapen.gob.ec\/?page_id=987505507#breadcrumb\"},\"inLanguage\":\"es\"},{\"@type\":\"BreadcrumbList\",\"@id\":\"http:\/\/www.aguapen.gob.ec\/?page_id=987505507#breadcrumb\",\"itemListElement\":[{\"@type\":\"ListItem\",\"position\":1,\"name\":\"Portada\",\"item\":\"http:\/\/www.aguapen.gob.ec\/\"},{\"@type\":\"ListItem\",\"position\":2,\"name\":\"\u00daltimas Noticias\"}]},{\"@type\":\"WebSite\",\"@id\":\"http:\/\/www.aguapen.gob.ec\/#website\",\"url\":\"http:\/\/www.aguapen.gob.ec\/\",\"name\":\"Aguapen EP\",\"description\":\"EP\",\"publisher\":{\"@id\":\"http:\/\/www.aguapen.gob.ec\/#organization\"},\"potentialAction\":[{\"@type\":\"SearchAction\",\"target\":{\"@type\":\"EntryPoint\",\"urlTemplate\":\"http:\/\/www.aguapen.gob.ec\/?s={search_term_string}\"},\"query-input\":{\"@type\":\"PropertyValueSpecification\",\"valueRequired\":true,\"valueName\":\"search_term_string\"}}],\"inLanguage\":\"es\"},{\"@type\":\"Organization\",\"@id\":\"http:\/\/www.aguapen.gob.ec\/#organization\",\"name\":\"Aguapen EP\",\"url\":\"http:\/\/www.aguapen.gob.ec\/\",\"logo\":{\"@type\":\"ImageObject\",\"inLanguage\":\"es\",\"@id\":\"http:\/\/www.aguapen.gob.ec\/#\/schema\/logo\/image\/\",\"url\":\"http:\/\/www.aguapen.gob.ec\/aguapenep\/wp-content\/uploads\/2023\/09\/ICONO-AGUAPEN.png\",\"contentUrl\":\"http:\/\/www.aguapen.gob.ec\/aguapenep\/wp-content\/uploads\/2023\/09\/ICONO-AGUAPEN.png\",\"width\":150,\"height\":150,\"caption\":\"Aguapen EP\"},\"image\":{\"@id\":\"http:\/\/www.aguapen.gob.ec\/#\/schema\/logo\/image\/\"},\"sameAs\":[\"https:\/\/www.facebook.com\/AguapenEP.oficial\/\",\"https:\/\/x.com\/Aguapen_Ep\",\"https:\/\/www.instagram.com\/aguapenep.oficial\/\"]}]}<\/script>\n<!-- \/ Yoast SEO plugin. -->","yoast_head_json":{"title":"\u00daltimas Noticias - Aguapen","robots":{"index":"index","follow":"follow","max-snippet":"max-snippet:-1","max-image-preview":"max-image-preview:large","max-video-preview":"max-video-preview:-1"},"canonical":"http:\/\/www.aguapen.gob.ec\/?page_id=987505507","og_locale":"es_ES","og_type":"article","og_title":"\u00daltimas Noticias - Aguapen","og_url":"http:\/\/www.aguapen.gob.ec\/?page_id=987505507","og_site_name":"Aguapen","article_publisher":"https:\/\/www.facebook.com\/AguapenEP.oficial\/","twitter_card":"summary_large_image","twitter_description":"[dnxte_flip_box front_icon=\"&#x6b;||divi||400\" front_heading=\"Creative Design\" front_gradient_show_hide=\"on\" front_gradient_color_one=\"#0c71c3\" front_gradient_color_two=\"#8300e9\" front_gradient_type_linear_direction=\"90deg\" front_icon_size=\"50px\" front_icon_alignment=\"center\" front_icon_margin=\"100px||||false|false\" front_heading_margin=\"20px||20px||true|false\" front_content_margin=\"|15px||15px|false|true\" back_icon=\"&#x6b;||divi||400\" back_heading=\"Creative Design\" back_content=\"Your content goes here. Edit or remove this text inline or in the module Content settings.\" back_bgc_color=\"#8300e9\" button_text=\"Read More\" back_icon_alignment=\"center\" back_icon_margin=\"40px||||false|false\" back_icon_padding=\"||10px||false|false\" back_heading_margin=\"||||false|false\" back_heading_padding=\"||15px||false|false\" back_content_margin=\"||||false|false\" back_content_padding=\"|20px||20px|false|true\" back_btn_padding_outer=\"10px||10px||true|false\" back_btn_padding_inner=\"|30px||30px|false|true\" _builder_version=\"4.16\" _module_preset=\"default\" front_flip_text_font=\"Open Sans|700|||||||\" front_flip_text_text_align=\"center\" front_flip_text_font_size=\"28px\" back_flip_text_font=\"Open Sans|700|||||||\" back_flip_text_text_align=\"center\" back_flip_text_font_size=\"24px\" btn_flip_text_font=\"Assistant|700|||||||\" [&hellip;]","twitter_site":"@Aguapen_Ep","twitter_misc":{"Tiempo de lectura":"4 minutos"},"schema":{"@context":"https:\/\/schema.org","@graph":[{"@type":["WebPage","CollectionPage"],"@id":"http:\/\/www.aguapen.gob.ec\/?page_id=987505507","url":"http:\/\/www.aguapen.gob.ec\/?page_id=987505507","name":"\u00daltimas Noticias - Aguapen","isPartOf":{"@id":"http:\/\/www.aguapen.gob.ec\/#website"},"datePublished":"2023-09-21T15:23:07+00:00","breadcrumb":{"@id":"http:\/\/www.aguapen.gob.ec\/?page_id=987505507#breadcrumb"},"inLanguage":"es"},{"@type":"BreadcrumbList","@id":"http:\/\/www.aguapen.gob.ec\/?page_id=987505507#breadcrumb","itemListElement":[{"@type":"ListItem","position":1,"name":"Portada","item":"http:\/\/www.aguapen.gob.ec\/"},{"@type":"ListItem","position":2,"name":"\u00daltimas Noticias"}]},{"@type":"WebSite","@id":"http:\/\/www.aguapen.gob.ec\/#website","url":"http:\/\/www.aguapen.gob.ec\/","name":"Aguapen EP","description":"EP","publisher":{"@id":"http:\/\/www.aguapen.gob.ec\/#organization"},"potentialAction":[{"@type":"SearchAction","target":{"@type":"EntryPoint","urlTemplate":"http:\/\/www.aguapen.gob.ec\/?s={search_term_string}"},"query-input":{"@type":"PropertyValueSpecification","valueRequired":true,"valueName":"search_term_string"}}],"inLanguage":"es"},{"@type":"Organization","@id":"http:\/\/www.aguapen.gob.ec\/#organization","name":"Aguapen EP","url":"http:\/\/www.aguapen.gob.ec\/","logo":{"@type":"ImageObject","inLanguage":"es","@id":"http:\/\/www.aguapen.gob.ec\/#\/schema\/logo\/image\/","url":"http:\/\/www.aguapen.gob.ec\/aguapenep\/wp-content\/uploads\/2023\/09\/ICONO-AGUAPEN.png","contentUrl":"http:\/\/www.aguapen.gob.ec\/aguapenep\/wp-content\/uploads\/2023\/09\/ICONO-AGUAPEN.png","width":150,"height":150,"caption":"Aguapen EP"},"image":{"@id":"http:\/\/www.aguapen.gob.ec\/#\/schema\/logo\/image\/"},"sameAs":["https:\/\/www.facebook.com\/AguapenEP.oficial\/","https:\/\/x.com\/Aguapen_Ep","https:\/\/www.instagram.com\/aguapenep.oficial\/"]}]}},"uagb_featured_image_src":{"full":false,"thumbnail":false,"medium":false,"medium_large":false,"large":false,"1536x1536":false,"2048x2048":false,"et-pb-post-main-image":false,"et-pb-post-main-image-fullwidth":false,"et-pb-portfolio-image":false,"et-pb-portfolio-module-image":false,"et-pb-portfolio-image-single":false,"et-pb-gallery-module-image-portrait":false,"et-pb-post-main-image-fullwidth-large":false,"et-pb-image--responsive--desktop":false,"et-pb-image--responsive--tablet":false,"et-pb-image--responsive--phone":false},"uagb_author_info":{"display_name":false,"author_link":"http:\/\/www.aguapen.gob.ec\/?author=1"},"uagb_comment_info":0,"uagb_excerpt":"[dnxte_flip_box front_icon=\"&#x6b;||divi||400\" front_heading=\"Creative Design\" front_gradient_show_hide=\"on\" front_gradient_color_one=\"#0c71c3\" front_gradient_color_two=\"#8300e9\" front_gradient_type_linear_direction=\"90deg\" front_icon_size=\"50px\" front_icon_alignment=\"center\" front_icon_margin=\"100px||||false|false\" front_heading_margin=\"20px||20px||true|false\" front_content_margin=\"|15px||15px|false|true\" back_icon=\"&#x6b;||divi||400\" back_heading=\"Creative Design\" back_content=\"Your content goes here. Edit or remove this text inline or in the module Content settings.\" back_bgc_color=\"#8300e9\" button_text=\"Read More\" back_icon_alignment=\"center\" back_icon_margin=\"40px||||false|false\" back_icon_padding=\"||10px||false|false\" back_heading_margin=\"||||false|false\" back_heading_padding=\"||15px||false|false\" back_content_margin=\"||||false|false\" back_content_padding=\"|20px||20px|false|true\" back_btn_padding_outer=\"10px||10px||true|false\" back_btn_padding_inner=\"|30px||30px|false|true\" _builder_version=\"4.16\" _module_preset=\"default\" front_flip_text_font=\"Open Sans|700|||||||\" front_flip_text_text_align=\"center\" front_flip_text_font_size=\"28px\" back_flip_text_font=\"Open Sans|700|||||||\" back_flip_text_text_align=\"center\" back_flip_text_font_size=\"24px\" btn_flip_text_font=\"Assistant|700|||||||\"&hellip;","_links":{"self":[{"href":"http:\/\/www.aguapen.gob.ec\/index.php?rest_route=\/wp\/v2\/pages\/987505507","targetHints":{"allow":["GET"]}}],"collection":[{"href":"http:\/\/www.aguapen.gob.ec\/index.php?rest_route=\/wp\/v2\/pages"}],"about":[{"href":"http:\/\/www.aguapen.gob.ec\/index.php?rest_route=\/wp\/v2\/types\/page"}],"author":[{"embeddable":true,"href":"http:\/\/www.aguapen.gob.ec\/index.php?rest_route=\/wp\/v2\/users\/1"}],"replies":[{"embeddable":true,"href":"http:\/\/www.aguapen.gob.ec\/index.php?rest_route=%2Fwp%2Fv2%2Fcomments&post=987505507"}],"version-history":[{"count":2,"href":"http:\/\/www.aguapen.gob.ec\/index.php?rest_route=\/wp\/v2\/pages\/987505507\/revisions"}],"predecessor-version":[{"id":987505511,"href":"http:\/\/www.aguapen.gob.ec\/index.php?rest_route=\/wp\/v2\/pages\/987505507\/revisions\/987505511"}],"wp:attachment":[{"href":"http:\/\/www.aguapen.gob.ec\/index.php?rest_route=%2Fwp%2Fv2%2Fmedia&parent=987505507"}],"curies":[{"name":"wp","href":"https:\/\/api.w.org\/{rel}","templated":true}]}}